{"id":7193,"date":"2026-04-08T10:13:10","date_gmt":"2026-04-08T03:13:10","guid":{"rendered":"https:\/\/emoiiagency.com\/?page_id=7193"},"modified":"2026-04-10T09:32:57","modified_gmt":"2026-04-10T02:32:57","slug":"emoii-marketing","status":"publish","type":"page","link":"https:\/\/emoiiagency.com\/en\/emoii-marketing\/","title":{"rendered":"Emoii Marketing"},"content":{"rendered":"\t\t<div data-elementor-type=\"wp-page\" data-elementor-id=\"7193\" class=\"elementor elementor-7193\" data-elementor-post-type=\"page\">\n\t\t\t\t<div class=\"elementor-element elementor-element-634be57 e-con-full e-flex e-con e-parent\" data-id=\"634be57\" data-element_type=\"container\" data-settings=\"{&quot;background_background&quot;:&quot;classic&quot;,&quot;background_motion_fx_motion_fx_scrolling&quot;:&quot;yes&quot;,&quot;background_motion_fx_translateY_effect&quot;:&quot;yes&quot;,&quot;background_motion_fx_translateY_speed&quot;:{&quot;unit&quot;:&quot;px&quot;,&quot;size&quot;:0.5,&quot;sizes&quot;:[]},&quot;background_motion_fx_translateY_affectedRange&quot;:{&quot;unit&quot;:&quot;%&quot;,&quot;size&quot;:&quot;&quot;,&quot;sizes&quot;:{&quot;start&quot;:0,&quot;end&quot;:100}},&quot;background_motion_fx_devices&quot;:[&quot;desktop&quot;,&quot;tablet&quot;,&quot;mobile&quot;]}\">\n\t\t<div class=\"elementor-element elementor-element-7a16864 e-flex e-con-boxed e-con e-child\" data-id=\"7a16864\" data-element_type=\"container\">\n\t\t\t\t\t<div class=\"e-con-inner\">\n\t\t<div class=\"elementor-element elementor-element-4d7a7ab e-con-full e-flex e-con e-child\" data-id=\"4d7a7ab\" data-element_type=\"container\" data-settings=\"{&quot;background_background&quot;:&quot;classic&quot;}\">\n\t\t<div class=\"elementor-element elementor-element-0df0be3 e-con-full e-flex e-con e-child\" data-id=\"0df0be3\" data-element_type=\"container\">\n\t\t\t\t<div class=\"elementor-element elementor-element-a5f1584 elementor-widget elementor-widget-heading\" data-id=\"a5f1584\" data-element_type=\"widget\" data-widget_type=\"heading.default\">\n\t\t\t\t\t<h1 class=\"elementor-heading-title elementor-size-default\">Emoii Marketing<\/h1>\t\t\t\t<\/div>\n\t\t\t\t<\/div>\n\t\t<div class=\"elementor-element elementor-element-162660a e-con-full e-flex e-con e-child\" data-id=\"162660a\" data-element_type=\"container\">\n\t\t<div class=\"elementor-element elementor-element-bcbe20c e-con-full e-flex e-con e-child\" data-id=\"bcbe20c\" data-element_type=\"container\">\n\t\t<div class=\"elementor-element elementor-element-7882026 e-con-full e-flex e-con e-child\" data-id=\"7882026\" data-element_type=\"container\">\n\t\t\t\t<div class=\"elementor-element elementor-element-4b295ae elementor-widget elementor-widget-heading\" data-id=\"4b295ae\" data-element_type=\"widget\" data-widget_type=\"heading.default\">\n\t\t\t\t\t<h2 class=\"elementor-heading-title elementor-size-default\">01<\/h2>\t\t\t\t<\/div>\n\t\t\t\t<div class=\"elementor-element elementor-element-af48b7a elementor-widget elementor-widget-heading\" data-id=\"af48b7a\" data-element_type=\"widget\" data-widget_type=\"heading.default\">\n\t\t\t\t\t<h2 class=\"elementor-heading-title elementor-size-default\">M\u1ea1ng x\u00e3 h\u1ed9i<\/h2>\t\t\t\t<\/div>\n\t\t\t\t<\/div>\n\t\t\t\t<div class=\"elementor-element elementor-element-3b1fa35 elementor-widget elementor-widget-heading\" data-id=\"3b1fa35\" data-element_type=\"widget\" data-widget_type=\"heading.default\">\n\t\t\t\t\t<h2 class=\"elementor-heading-title elementor-size-default\">Qu\u1ea3n l\u00fd to\u00e0n di\u1ec7n m\u1ea1ng x\u00e3 h\u1ed9i<\/h2>\t\t\t\t<\/div>\n\t\t\t\t<\/div>\n\t\t\t\t<div class=\"elementor-element elementor-element-51e257a elementor-widget-mobile__width-inherit elementor-widget elementor-widget-text-editor\" data-id=\"51e257a\" data-element_type=\"widget\" data-widget_type=\"text-editor.default\">\n\t\t\t\t\t\t\t\t\t<p>Ch\u00fang t\u00f4i qu\u1ea3n l\u00fd m\u1ea1ng x\u00e3 h\u1ed9i c\u1ee7a b\u1ea1n trong 1 th\u00e1ng tr\u00ean Instagram, Facebook v\u00e0 TikTok &#8211; t\u1ea5t c\u1ea3 trong m\u1ed9t g\u00f3i duy nh\u1ea5t.<\/p>\t\t\t\t\t\t\t\t<\/div>\n\t\t<div class=\"elementor-element elementor-element-3343b96 e-con-full e-flex e-con e-child\" data-id=\"3343b96\" data-element_type=\"container\" data-settings=\"{&quot;background_background&quot;:&quot;gradient&quot;}\">\n\t\t\t\t<div class=\"elementor-element elementor-element-6390b24 elementor-widget elementor-widget-heading\" data-id=\"6390b24\" data-element_type=\"widget\" data-widget_type=\"heading.default\">\n\t\t\t\t\t<p class=\"elementor-heading-title elementor-size-default\"><span style=\"font-weight: bold\">10 b\u00e0i \u0111\u0103ng m\u1ed7i th\u00e1ng tr\u00ean m\u1ed7i n\u1ec1n t\u1ea3ng <\/span> = T\u0103ng kh\u1ea3 n\u0103ng hi\u1ec3n th\u1ecb tr\u1ef1c tuy\u1ebfn v\u00e0 t\u0103ng s\u1ed1 l\u01b0\u1ee3ng kh\u00e1ch h\u00e0ng l\u00ean <span style=\"font-weight: bold\">30% trong v\u00f2ng m\u1ed9t n\u0103m<\/span><\/p>\t\t\t\t<\/div>\n\t\t\t\t<\/div>\n\t\t\t\t<div class=\"elementor-element elementor-element-622d367 elementor-widget elementor-widget-image\" data-id=\"622d367\" data-element_type=\"widget\" data-widget_type=\"image.default\">\n\t\t\t\t\t\t\t\t\t\t\t\t\t\t\t<img fetchpriority=\"high\" decoding=\"async\" width=\"1820\" height=\"1366\" src=\"https:\/\/emoiiagency.com\/wp-content\/uploads\/2026\/04\/EM-2.webp\" class=\"attachment-full size-full wp-image-7232\" alt=\"\" srcset=\"https:\/\/emoiiagency.com\/wp-content\/uploads\/2026\/04\/EM-2.webp 1820w, https:\/\/emoiiagency.com\/wp-content\/uploads\/2026\/04\/EM-2-300x225.webp 300w, https:\/\/emoiiagency.com\/wp-content\/uploads\/2026\/04\/EM-2-1024x769.webp 1024w, https:\/\/emoiiagency.com\/wp-content\/uploads\/2026\/04\/EM-2-768x576.webp 768w, https:\/\/emoiiagency.com\/wp-content\/uploads\/2026\/04\/EM-2-1536x1153.webp 1536w, https:\/\/emoiiagency.com\/wp-content\/uploads\/2026\/04\/EM-2-16x12.webp 16w\" sizes=\"(max-width: 1820px) 100vw, 1820px\" \/>\t\t\t\t\t\t\t\t\t\t\t\t\t\t\t<\/div>\n\t\t\t\t<\/div>\n\t\t<div class=\"elementor-element elementor-element-99e457e e-con-full e-flex e-con e-child\" data-id=\"99e457e\" data-element_type=\"container\">\n\t\t<div class=\"elementor-element elementor-element-a202d65 e-con-full e-flex e-con e-child\" data-id=\"a202d65\" data-element_type=\"container\">\n\t\t\t\t<div class=\"elementor-element elementor-element-0638736 elementor-widget elementor-widget-heading\" data-id=\"0638736\" data-element_type=\"widget\" data-widget_type=\"heading.default\">\n\t\t\t\t\t<h2 class=\"elementor-heading-title elementor-size-default\">02<\/h2>\t\t\t\t<\/div>\n\t\t\t\t<div class=\"elementor-element elementor-element-f5fe60e elementor-widget elementor-widget-heading\" data-id=\"f5fe60e\" data-element_type=\"widget\" data-widget_type=\"heading.default\">\n\t\t\t\t\t<h2 class=\"elementor-heading-title elementor-size-default\">Ch\u1ee5p h\u00ecnh<\/h2>\t\t\t\t<\/div>\n\t\t\t\t<\/div>\n\t\t\t\t<div class=\"elementor-element elementor-element-43cc277 elementor-widget elementor-widget-heading\" data-id=\"43cc277\" data-element_type=\"widget\" data-widget_type=\"heading.default\">\n\t\t\t\t\t<h2 class=\"elementor-heading-title elementor-size-default\"><span style=\"font-size: 38.3709px\">1 bu\u1ed5i ch\u1ee5p h\u00ecnh th\u01b0\u01a1ng hi\u1ec7u m\u1ed7i th\u00e1ng<\/span><\/h2>\t\t\t\t<\/div>\n\t\t\t\t<div class=\"elementor-element elementor-element-5d28712 elementor-widget-mobile__width-inherit elementor-widget elementor-widget-text-editor\" data-id=\"5d28712\" data-element_type=\"widget\" data-widget_type=\"text-editor.default\">\n\t\t\t\t\t\t\t\t\t<p>Ch\u00fang t\u00f4i t\u1ed5 ch\u1ee9c c\u00e1c bu\u1ed5i ch\u1ee5p h\u00ecnh chuy\u00ean nghi\u1ec7p \u0111\u1ec3 qu\u1ea3ng b\u00e1 th\u01b0\u01a1ng hi\u1ec7u c\u1ee7a b\u1ea1n, bao g\u1ed3m 1 ng\u01b0\u1eddi m\u1eabu + 1 m\u00e1y quay + \u00fd t\u01b0\u1edfng s\u00e1ng t\u1ea1o v\u00e0 k\u1ecbch b\u1ea3n.<\/p>\t\t\t\t\t\t\t\t<\/div>\n\t\t<div class=\"elementor-element elementor-element-b6b3fe3 e-con-full e-flex e-con e-child\" data-id=\"b6b3fe3\" data-element_type=\"container\" data-settings=\"{&quot;background_background&quot;:&quot;gradient&quot;}\">\n\t\t\t\t<div class=\"elementor-element elementor-element-f773b9a elementor-widget elementor-widget-heading\" data-id=\"f773b9a\" data-element_type=\"widget\" data-widget_type=\"heading.default\">\n\t\t\t\t\t<p class=\"elementor-heading-title elementor-size-default\"><span style=\"font-weight: bold\">30 \u1ea3nh m\u1edbi + 5 video m\u1edbi m\u1ed7i th\u00e1ng <\/span> = Lan t\u1ecfa &amp; t\u01b0\u01a1ng t\u00e1c nhi\u1ec1u h\u01a1n \u0111\u1ec3 qu\u1ea3ng b\u00e1 d\u1ecbch v\u1ee5 ho\u1eb7c s\u1ea3n ph\u1ea9m c\u1ee7a b\u1ea1n tr\u1ef1c tuy\u1ebfn<\/p>\t\t\t\t<\/div>\n\t\t\t\t<\/div>\n\t\t\t\t<div class=\"elementor-element elementor-element-d745c6a elementor-widget elementor-widget-image\" data-id=\"d745c6a\" data-element_type=\"widget\" data-widget_type=\"image.default\">\n\t\t\t\t\t\t\t\t\t\t\t\t\t\t\t<img decoding=\"async\" width=\"1820\" height=\"1366\" src=\"https:\/\/emoiiagency.com\/wp-content\/uploads\/2026\/04\/photoshoot.webp\" class=\"attachment-full size-full wp-image-7201\" alt=\"\" srcset=\"https:\/\/emoiiagency.com\/wp-content\/uploads\/2026\/04\/photoshoot.webp 1820w, https:\/\/emoiiagency.com\/wp-content\/uploads\/2026\/04\/photoshoot-300x225.webp 300w, https:\/\/emoiiagency.com\/wp-content\/uploads\/2026\/04\/photoshoot-1024x769.webp 1024w, https:\/\/emoiiagency.com\/wp-content\/uploads\/2026\/04\/photoshoot-768x576.webp 768w, https:\/\/emoiiagency.com\/wp-content\/uploads\/2026\/04\/photoshoot-1536x1153.webp 1536w, https:\/\/emoiiagency.com\/wp-content\/uploads\/2026\/04\/photoshoot-16x12.webp 16w\" sizes=\"(max-width: 1820px) 100vw, 1820px\" \/>\t\t\t\t\t\t\t\t\t\t\t\t\t\t\t<\/div>\n\t\t\t\t<\/div>\n\t\t\t\t<\/div>\n\t\t<div class=\"elementor-element elementor-element-1c0f7b2 e-con-full e-flex e-con e-child\" data-id=\"1c0f7b2\" data-element_type=\"container\" data-settings=\"{&quot;background_background&quot;:&quot;classic&quot;,&quot;motion_fx_motion_fx_scrolling&quot;:&quot;yes&quot;,&quot;motion_fx_range&quot;:&quot;viewport&quot;,&quot;sticky&quot;:&quot;top&quot;,&quot;sticky_offset&quot;:64,&quot;sticky_parent&quot;:&quot;yes&quot;,&quot;motion_fx_devices&quot;:[&quot;desktop&quot;,&quot;tablet&quot;,&quot;mobile&quot;],&quot;sticky_on&quot;:[&quot;desktop&quot;,&quot;tablet&quot;,&quot;mobile&quot;],&quot;sticky_effects_offset&quot;:0,&quot;sticky_anchor_link_offset&quot;:0}\">\n\t\t<div class=\"elementor-element elementor-element-a4ee66f e-con-full e-flex e-con e-child\" data-id=\"a4ee66f\" data-element_type=\"container\">\n\t\t\t\t<div class=\"elementor-element elementor-element-6f8ffc7 elementor-widget elementor-widget-heading\" data-id=\"6f8ffc7\" data-element_type=\"widget\" data-widget_type=\"heading.default\">\n\t\t\t\t\t<h1 class=\"elementor-heading-title elementor-size-default\">9 900 000 <span style=\"font-size: 24px\">VN\u0110\/th\u00e1ng <\/span><\/h1>\t\t\t\t<\/div>\n\t\t\t\t<\/div>\n\t\t\t\t<div class=\"elementor-element elementor-element-223dfa9 elementor-widget elementor-widget-heading\" data-id=\"223dfa9\" data-element_type=\"widget\" data-widget_type=\"heading.default\">\n\t\t\t\t\t<p class=\"elementor-heading-title elementor-size-default\"><a href=\"https:\/\/zalo.me\/0336669311\" target=\"_blank\">Li\u00ean h\u1ec7 Zalo: 0336669311<\/a><\/p>\t\t\t\t<\/div>\n\t\t<div class=\"elementor-element elementor-element-50437ed e-con-full e-flex e-con e-child\" data-id=\"50437ed\" data-element_type=\"container\">\n\t\t\t\t<div class=\"elementor-element elementor-element-64f6099 elementor-widget-divider--view-line elementor-widget elementor-widget-divider\" data-id=\"64f6099\" data-element_type=\"widget\" data-widget_type=\"divider.default\">\n\t\t\t\t\t\t\t<div class=\"elementor-divider\">\n\t\t\t<span class=\"elementor-divider-separator\">\n\t\t\t\t\t\t<\/span>\n\t\t<\/div>\n\t\t\t\t\t\t<\/div>\n\t\t\t\t<div class=\"elementor-element elementor-element-ff90528 elementor-widget elementor-widget-heading\" data-id=\"ff90528\" data-element_type=\"widget\" data-widget_type=\"heading.default\">\n\t\t\t\t\t<p class=\"elementor-heading-title elementor-size-default\">Ho\u1eb7c \u0111i\u1ec1n th\u00f4ng tin b\u00ean d\u01b0\u1edbi<\/p>\t\t\t\t<\/div>\n\t\t\t\t<div class=\"elementor-element elementor-element-82a984a elementor-widget-divider--view-line elementor-widget elementor-widget-divider\" data-id=\"82a984a\" data-element_type=\"widget\" data-widget_type=\"divider.default\">\n\t\t\t\t\t\t\t<div class=\"elementor-divider\">\n\t\t\t<span class=\"elementor-divider-separator\">\n\t\t\t\t\t\t<\/span>\n\t\t<\/div>\n\t\t\t\t\t\t<\/div>\n\t\t\t\t<\/div>\n\t\t\t\t<div class=\"elementor-element elementor-element-9b99702 elementor-button-align-stretch elementor-widget elementor-widget-form\" data-id=\"9b99702\" data-element_type=\"widget\" data-settings=\"{&quot;step_next_label&quot;:&quot;Next&quot;,&quot;step_previous_label&quot;:&quot;Previous&quot;,&quot;button_width&quot;:&quot;100&quot;,&quot;step_type&quot;:&quot;number_text&quot;,&quot;step_icon_shape&quot;:&quot;circle&quot;}\" data-widget_type=\"form.default\">\n\t\t\t\t\t\t\t<form class=\"elementor-form\" method=\"post\" name=\"Emoii Marketing Form\" aria-label=\"Emoii Marketing Form\">\r\n\t\t\t<input type=\"hidden\" name=\"post_id\" value=\"7193\"\/>\r\n\t\t\t<input type=\"hidden\" name=\"form_id\" value=\"9b99702\"\/>\r\n\t\t\t<input type=\"hidden\" name=\"referer_title\" value=\"Emoii Marketing\" \/>\r\n\r\n\t\t\t\t\t\t\t<input type=\"hidden\" name=\"queried_id\" value=\"7193\"\/>\r\n\t\t\t\r\n\t\t\t<div class=\"elementor-form-fields-wrapper elementor-labels-above\">\r\n\t\t\t\t\t\t\t\t<div class=\"elementor-field-type-text elementor-field-group elementor-column elementor-field-group-name elementor-col-50 elementor-field-required elementor-mark-required\">\r\n\t\t\t\t\t\t\t\t\t\t\t\t<label for=\"form-field-name\" class=\"elementor-field-label\">\r\n\t\t\t\t\t\t\t\tH\u1ecd\t\t\t\t\t\t\t<\/label>\r\n\t\t\t\t\t\t\t\t\t\t\t\t\t\t<input size=\"1\" type=\"text\" name=\"form_fields[name]\" id=\"form-field-name\" class=\"elementor-field elementor-size-sm  elementor-field-textual\" required=\"required\">\r\n\t\t\t\t\t\t\t\t\t\t\t<\/div>\r\n\t\t\t\t\t\t\t\t<div class=\"elementor-field-type-text elementor-field-group elementor-column elementor-field-group-lastname elementor-col-50 elementor-field-required elementor-mark-required\">\r\n\t\t\t\t\t\t\t\t\t\t\t\t<label for=\"form-field-lastname\" class=\"elementor-field-label\">\r\n\t\t\t\t\t\t\t\tT\u00ean\t\t\t\t\t\t\t<\/label>\r\n\t\t\t\t\t\t\t\t\t\t\t\t\t\t<input size=\"1\" type=\"text\" name=\"form_fields[lastname]\" id=\"form-field-lastname\" class=\"elementor-field elementor-size-sm  elementor-field-textual\" required=\"required\">\r\n\t\t\t\t\t\t\t\t\t\t\t<\/div>\r\n\t\t\t\t\t\t\t\t<div class=\"elementor-field-type-email elementor-field-group elementor-column elementor-field-group-email elementor-col-50 elementor-field-required elementor-mark-required\">\r\n\t\t\t\t\t\t\t\t\t\t\t\t<label for=\"form-field-email\" class=\"elementor-field-label\">\r\n\t\t\t\t\t\t\t\tEmail \t\t\t\t\t\t\t<\/label>\r\n\t\t\t\t\t\t\t\t\t\t\t\t\t\t<input size=\"1\" type=\"email\" name=\"form_fields[email]\" id=\"form-field-email\" class=\"elementor-field elementor-size-sm  elementor-field-textual\" required=\"required\">\r\n\t\t\t\t\t\t\t\t\t\t\t<\/div>\r\n\t\t\t\t\t\t\t\t<div class=\"elementor-field-type-tel elementor-field-group elementor-column elementor-field-group-phone elementor-col-50\">\r\n\t\t\t\t\t\t\t\t\t\t\t\t<label for=\"form-field-phone\" class=\"elementor-field-label\">\r\n\t\t\t\t\t\t\t\tS\u1ed1 \u0111i\u1ec7n tho\u1ea1i\t\t\t\t\t\t\t<\/label>\r\n\t\t\t\t\t\t\t\t<input size=\"1\" type=\"tel\" name=\"form_fields[phone]\" id=\"form-field-phone\" class=\"elementor-field elementor-size-sm  elementor-field-textual\" pattern=\"[0-9()#&amp;+*-=.]+\" title=\"Ch\u1ec9 ch\u1ea5p nh\u1eadn s\u1ed1 v\u00e0 k\u00fd t\u1ef1 \u0111i\u1ec7n tho\u1ea1i (#, -, *, v.v.).\">\r\n\r\n\t\t\t\t\t\t<\/div>\r\n\t\t\t\t\t\t\t\t<div class=\"elementor-field-type-textarea elementor-field-group elementor-column elementor-field-group-message elementor-col-100\">\r\n\t\t\t\t\t\t\t\t\t\t\t\t<label for=\"form-field-message\" class=\"elementor-field-label\">\r\n\t\t\t\t\t\t\t\tN\u1ed9i dung\t\t\t\t\t\t\t<\/label>\r\n\t\t\t\t\t\t<textarea class=\"elementor-field-textual elementor-field  elementor-size-sm\" name=\"form_fields[message]\" id=\"form-field-message\" rows=\"4\"><\/textarea>\t\t\t\t<\/div>\r\n\t\t\t\t\t\t\t\t<div class=\"elementor-field-group elementor-column elementor-field-type-submit elementor-col-100 e-form__buttons\">\r\n\t\t\t\t\t<button class=\"elementor-button elementor-size-sm\" type=\"submit\">\r\n\t\t\t\t\t\t<span class=\"elementor-button-content-wrapper\">\r\n\t\t\t\t\t\t\t\t\t\t\t\t\t\t\t\t\t\t\t\t\t\t<span class=\"elementor-button-text\">G\u1eedi TH\u00f4ng tin<\/span>\r\n\t\t\t\t\t\t\t\t\t\t\t\t\t<\/span>\r\n\t\t\t\t\t<\/button>\r\n\t\t\t\t<\/div>\r\n\t\t\t<\/div>\r\n\t\t<\/form>\r\n\t\t\t\t\t\t<\/div>\n\t\t\t\t<\/div>\n\t\t\t\t\t<\/div>\n\t\t\t\t<\/div>\n\t\t\t\t<\/div>\n\t\t\t\t<\/div>\n\t\t","protected":false},"excerpt":{"rendered":"<p>Emoii Marketing 01 M\u1ea1ng x\u00e3 h\u1ed9i Qu\u1ea3n l\u00fd to\u00e0n di\u1ec7n m\u1ea1ng x\u00e3 h\u1ed9i Ch\u00fang t\u00f4i qu\u1ea3n l\u00fd m\u1ea1ng x\u00e3 h\u1ed9i c\u1ee7a b\u1ea1n trong 1 th\u00e1ng tr\u00ean Instagram, Facebook v\u00e0 TikTok &#8211; t\u1ea5t c\u1ea3 trong m\u1ed9t g\u00f3i duy nh\u1ea5t. 10 b\u00e0i \u0111\u0103ng m\u1ed7i th\u00e1ng tr\u00ean m\u1ed7i n\u1ec1n t\u1ea3ng = T\u0103ng kh\u1ea3 n\u0103ng hi\u1ec3n th\u1ecb tr\u1ef1c tuy\u1ebfn [&hellip;]<\/p>\n","protected":false},"author":2,"featured_media":0,"parent":0,"menu_order":0,"comment_status":"closed","ping_status":"closed","template":"elementor_header_footer","meta":{"_acf_changed":false,"footnotes":""},"class_list":["post-7193","page","type-page","status-publish","hentry"],"acf":[],"_links":{"self":[{"href":"https:\/\/emoiiagency.com\/en\/wp-json\/wp\/v2\/pages\/7193","targetHints":{"allow":["GET"]}}],"collection":[{"href":"https:\/\/emoiiagency.com\/en\/wp-json\/wp\/v2\/pages"}],"about":[{"href":"https:\/\/emoiiagency.com\/en\/wp-json\/wp\/v2\/types\/page"}],"author":[{"embeddable":true,"href":"https:\/\/emoiiagency.com\/en\/wp-json\/wp\/v2\/users\/2"}],"replies":[{"embeddable":true,"href":"https:\/\/emoiiagency.com\/en\/wp-json\/wp\/v2\/comments?post=7193"}],"version-history":[{"count":37,"href":"https:\/\/emoiiagency.com\/en\/wp-json\/wp\/v2\/pages\/7193\/revisions"}],"predecessor-version":[{"id":7249,"href":"https:\/\/emoiiagency.com\/en\/wp-json\/wp\/v2\/pages\/7193\/revisions\/7249"}],"wp:attachment":[{"href":"https:\/\/emoiiagency.com\/en\/wp-json\/wp\/v2\/media?parent=7193"}],"curies":[{"name":"wp","href":"https:\/\/api.w.org\/{rel}","templated":true}]}}